{"id":22,"date":"2023-12-24T10:04:12","date_gmt":"2023-12-24T10:04:12","guid":{"rendered":"https:\/\/caudata.biz\/blog\/?page_id=22"},"modified":"2025-07-19T18:13:51","modified_gmt":"2025-07-19T17:13:51","slug":"impressum","status":"publish","type":"page","link":"https:\/\/caudata.biz\/blog\/index.php\/impressum\/","title":{"rendered":"IMPRESSUM"},"content":{"rendered":"<p><strong>WEBBOMB GmbH<br \/>Zeppelinstra\u00dfe 14-16<br \/>66953 Pirmasens<br \/>Deutschland<\/strong><\/p>\r\n<p>Tel.: 06331-22 57 47<br \/>Fax: 06331-22 59 43<br \/>E-Mail: info@webbomb.de<\/p>\r\n<p>Registergericht: Amtsgericht Zweibr\u00fccken<br \/>Registernummer: HRB 30604<\/p>\r\n<p>Gesch\u00e4ftsf\u00fchrer: Micha Schantz<\/p>\r\n<p>Umsatzsteuer-Identifikationsnummer: DE269846254<\/p>\r\n<p>Verantwortliche\/r i.S.d. \u00a7 18 Abs. 2 MStV:<\/p>\r\n<p>WEBBOMB GmbH (Michael Schantz)<br \/>Zeppelinstra\u00dfe 14-16<br \/>66953 Pirmasens<\/p>\r\n<p>Zust\u00e4ndige Aufsichtsbeh\u00f6rde f\u00fcr das Angebot audiovisueller Mediendienste:<\/p>\r\n<p>Medienanstalt Rheinland-Pfalz<br \/>Turmstra\u00dfe 10<br \/>67059 Ludwigshafen<br \/>Telefon: +49 621 5202-0<br \/>Telefax: +49 621 5202-152<br \/>E-Mail: mail@medienanstalt-rlp.de<\/p>\r\n<p>Wir sind zur Teilnahme an einem Streitbeilegungsverfahren vor einer Verbraucherschlichtungsstelle weder verpflichtet noch bereit.<\/p>\r\n<div style=\"display: block; background-color: #fbfbfb; color: #292929; border: 1px solid lightgray; padding: 25px; font-family: Helvetica,Arial,sans-serif; font-size: 14px; font-style: normal;\"><img decoding=\"async\" style=\"float: left; pointer-events: none; margin-right: 10px;\" src=\"https:\/\/www.fairness-im-handel.de\/wp-content\/uploads\/logo-fairness-90.png\" alt=\"Initiative: Fairness im Handel\" \/>\r\n<p style=\"padding-top: 10px;\">Mitglied der Initiative &#8222;Fairness im Handel&#8220;. Informationen zur Initiative: <a style=\"color: #ef7b00;\" href=\"https:\/\/www.fairness-im-handel.de\" target=\"_blank\" rel=\"noopener\">https:\/\/www.fairness-im-handel.de <\/a><\/p>\r\n<div style=\"clear: both;\">\u00a0<\/div>\r\n<\/div>\r\n\r\n<figure class=\"wp-block-image size-full\"><a href=\"https:\/\/www.it-recht-kanzlei.de\/\"><img decoding=\"async\" class=\"wp-image-968\" src=\"https:\/\/blog.webbomb.de\/wp-content\/uploads\/it_recht.png\" alt=\"\" \/><\/a><\/figure>\r\n\r\n\r\n\r\n<p><em>letzte Aktualisierung 19.07.2025<\/em><\/p>","protected":false},"excerpt":{"rendered":"<p>WEBBOMB GmbHZeppelinstra\u00dfe 14-1666953 PirmasensDeutschland Tel.: 06331-22 57 47Fax: 06331-22 59 43E-Mail: info@webbomb.de Registergericht: Amtsgericht Zweibr\u00fcckenRegisternummer: HRB 30604 Gesch\u00e4ftsf\u00fchrer: Micha Schantz Umsatzsteuer-Identifikationsnummer: DE269846254 Verantwortliche\/r i.S.d. \u00a7 18 Abs. 2 MStV: WEBBOMB GmbH (Michael Schantz)Zeppelinstra\u00dfe 14-1666953 Pirmasens Zust\u00e4ndige Aufsichtsbeh\u00f6rde f\u00fcr das Angebot audiovisueller Mediendienste: Medienanstalt Rheinland-PfalzTurmstra\u00dfe 1067059 LudwigshafenTelefon: +49 621 5202-0Telefax: +49 621 5202-152E-Mail: mail@medienanstalt-rlp.de Wir sind zur Teilnahme an einem Streitbeilegungsverfahren vor einer Verbraucherschlichtungsstelle weder verpflichtet noch bereit. Mitglied der Initiative &#8222;Fairness im Handel&#8220;. Informationen zur Initiative: https:\/\/www.fairness-im-handel.de \u00a0 letzte Aktualisierung<a href=\"https:\/\/caudata.biz\/blog\/index.php\/impressum\/\" class=\"read-more\">Read More &#8230;<\/a><\/p>\n","protected":false},"author":1,"featured_media":0,"parent":0,"menu_order":0,"comment_status":"closed","ping_status":"closed","template":"","meta":{"footnotes":""},"class_list":["post-22","page","type-page","status-publish","hentry"],"jetpack_sharing_enabled":true,"_links":{"self":[{"href":"https:\/\/caudata.biz\/blog\/index.php\/wp-json\/wp\/v2\/pages\/22","targetHints":{"allow":["GET"]}}],"collection":[{"href":"https:\/\/caudata.biz\/blog\/index.php\/wp-json\/wp\/v2\/pages"}],"about":[{"href":"https:\/\/caudata.biz\/blog\/index.php\/wp-json\/wp\/v2\/types\/page"}],"author":[{"embeddable":true,"href":"https:\/\/caudata.biz\/blog\/index.php\/wp-json\/wp\/v2\/users\/1"}],"replies":[{"embeddable":true,"href":"https:\/\/caudata.biz\/blog\/index.php\/wp-json\/wp\/v2\/comments?post=22"}],"version-history":[{"count":9,"href":"https:\/\/caudata.biz\/blog\/index.php\/wp-json\/wp\/v2\/pages\/22\/revisions"}],"predecessor-version":[{"id":87,"href":"https:\/\/caudata.biz\/blog\/index.php\/wp-json\/wp\/v2\/pages\/22\/revisions\/87"}],"wp:attachment":[{"href":"https:\/\/caudata.biz\/blog\/index.php\/wp-json\/wp\/v2\/media?parent=22"}],"curies":[{"name":"wp","href":"https:\/\/api.w.org\/{rel}","templated":true}]}}